{"id":49,"date":"2021-01-16T14:34:01","date_gmt":"2021-01-16T14:34:01","guid":{"rendered":"https:\/\/unicascomotu.com\/?page_id=49"},"modified":"2022-03-25T21:18:43","modified_gmt":"2022-03-25T21:18:43","slug":"programas","status":"publish","type":"page","link":"https:\/\/unicascomotu.com\/index.php\/programas\/","title":{"rendered":"Programas"},"content":{"rendered":"\t\t<div data-elementor-type=\"wp-page\" data-elementor-id=\"49\" class=\"elementor elementor-49\">\n\t\t\t\t\t\t<section class=\"elementor-section elementor-top-section elementor-element elementor-element-2b55d26 elementor-section-boxed elementor-section-height-default elementor-section-height-default\" data-id=\"2b55d26\" data-element_type=\"section\">\n\t\t\t\t\t\t<div class=\"elementor-container elementor-column-gap-default\">\n\t\t\t\t\t<div class=\"elementor-column elementor-col-100 elementor-top-column elementor-element elementor-element-58194d1a\" data-id=\"58194d1a\" data-element_type=\"column\">\n\t\t\t<div class=\"elementor-widget-wrap elementor-element-populated\">\n\t\t\t\t\t\t<section class=\"elementor-section elementor-inner-section elementor-element elementor-element-26a2ee0 elementor-section-full_width elementor-section-height-default elementor-section-height-default\" data-id=\"26a2ee0\" data-element_type=\"section\">\n\t\t\t\t\t\t<div class=\"elementor-container elementor-column-gap-default\">\n\t\t\t\t\t<div class=\"elementor-column elementor-col-100 elementor-inner-column elementor-element elementor-element-4e69147\" data-id=\"4e69147\" data-element_type=\"column\">\n\t\t\t<div class=\"elementor-widget-wrap\">\n\t\t\t\t\t\t\t<\/div>\n\t\t<\/div>\n\t\t\t\t\t<\/div>\n\t\t<\/section>\n\t\t\t\t<div class=\"elementor-element elementor-element-52b3ceb8 elementor-widget__width-initial elementor-widget elementor-widget-text-editor\" data-id=\"52b3ceb8\" data-element_type=\"widget\" data-widget_type=\"text-editor.default\">\n\t\t\t\t<div class=\"elementor-widget-container\">\n\t\t\t\t\t\t\t\t\t<p><\/p>\n<p class=\"has-text-align-center\">Si te has perdido alg\u00fan programa o quieres volver a ver tu secci\u00f3n preferida&#8230; \u00a1No te preocupes! Aqu\u00ed podr\u00e1s encontrar todos nuestros programas en formato radio o v\u00eddeo, lo que t\u00fa prefieras.<span style=\"color: var( --e-global-color-text ); font-family: var( --e-global-typography-text-font-family ), Sans-serif; font-weight: var( --e-global-typography-text-font-weight );\">\u00a0<\/span><\/p>\n<div class=\"wp-block-columns\">\n<div class=\"wp-block-column\">\n<div class=\"wp-block-columns\">\n<div class=\"wp-block-column\" style=\"flex-basis: 100%;\">\n<div class=\"wp-block-group\">\n<div class=\"wp-block-group__inner-container\">\n<p><\/p>\n<\/div>\n<\/div>\n<p><!-- \/wp:group --><!-- wp:group --><\/p>\n<div class=\"wp-block-group\">\n<div class=\"wp-block-group__inner-container\">\n<p><!-- wp:gallery {\"ids\":[142,139,141,145,144,146],\"linkTo\":\"none\"} --><\/p>\n<figure class=\"wp-block-gallery columns-3 is-cropped\">\n<ul class=\"blocks-gallery-grid\">\n<li class=\"blocks-gallery-item\">\n<figure><img fetchpriority=\"high\" decoding=\"async\" width=\"1024\" height=\"684\" class=\"wp-image-142\" src=\"https:\/\/unicascomotu.com\/wp-content\/uploads\/2021\/01\/DSC_1719-1024x684.jpg\" alt=\"\" data-id=\"142\" data-full-url=\"https:\/\/unicascomotu.com\/wp-content\/uploads\/2021\/01\/DSC_1719-scaled.jpg\" data-link=\"https:\/\/unicascomotu.com\/index.php\/programas\/dsc_1719\/\" srcset=\"https:\/\/unicascomotu.com\/wp-content\/uploads\/2021\/01\/DSC_1719-1024x684.jpg 1024w, https:\/\/unicascomotu.com\/wp-content\/uploads\/2021\/01\/DSC_1719-300x200.jpg 300w, https:\/\/unicascomotu.com\/wp-content\/uploads\/2021\/01\/DSC_1719-768x513.jpg 768w, https:\/\/unicascomotu.com\/wp-content\/uploads\/2021\/01\/DSC_1719-1536x1025.jpg 1536w, https:\/\/unicascomotu.com\/wp-content\/uploads\/2021\/01\/DSC_1719-2048x1367.jpg 2048w, https:\/\/unicascomotu.com\/wp-content\/uploads\/2021\/01\/DSC_1719-940x628.jpg 940w, https:\/\/unicascomotu.com\/wp-content\/uploads\/2021\/01\/DSC_1719-599x400.jpg 599w\" sizes=\"(max-width: 1024px) 100vw, 1024px\" \/><\/figure>\n<\/li>\n<li class=\"blocks-gallery-item\">\n<figure><img decoding=\"async\" width=\"1024\" height=\"684\" class=\"wp-image-139\" src=\"https:\/\/unicascomotu.com\/wp-content\/uploads\/2021\/01\/DSC_1702-1024x684.jpg\" alt=\"\" data-id=\"139\" data-full-url=\"https:\/\/unicascomotu.com\/wp-content\/uploads\/2021\/01\/DSC_1702-scaled.jpg\" data-link=\"https:\/\/unicascomotu.com\/index.php\/programas\/dsc_1702\/\" srcset=\"https:\/\/unicascomotu.com\/wp-content\/uploads\/2021\/01\/DSC_1702-1024x684.jpg 1024w, https:\/\/unicascomotu.com\/wp-content\/uploads\/2021\/01\/DSC_1702-300x200.jpg 300w, https:\/\/unicascomotu.com\/wp-content\/uploads\/2021\/01\/DSC_1702-768x513.jpg 768w, https:\/\/unicascomotu.com\/wp-content\/uploads\/2021\/01\/DSC_1702-1536x1025.jpg 1536w, https:\/\/unicascomotu.com\/wp-content\/uploads\/2021\/01\/DSC_1702-2048x1367.jpg 2048w, https:\/\/unicascomotu.com\/wp-content\/uploads\/2021\/01\/DSC_1702-940x627.jpg 940w, https:\/\/unicascomotu.com\/wp-content\/uploads\/2021\/01\/DSC_1702-599x400.jpg 599w\" sizes=\"(max-width: 1024px) 100vw, 1024px\" \/><\/figure>\n<\/li>\n<li class=\"blocks-gallery-item\">\n<figure><img decoding=\"async\" width=\"1024\" height=\"684\" class=\"wp-image-141\" src=\"https:\/\/unicascomotu.com\/wp-content\/uploads\/2021\/01\/DSC_1714-1024x684.jpg\" alt=\"\" data-id=\"141\" data-full-url=\"https:\/\/unicascomotu.com\/wp-content\/uploads\/2021\/01\/DSC_1714-scaled.jpg\" data-link=\"https:\/\/unicascomotu.com\/index.php\/programas\/dsc_1714\/\" srcset=\"https:\/\/unicascomotu.com\/wp-content\/uploads\/2021\/01\/DSC_1714-1024x684.jpg 1024w, https:\/\/unicascomotu.com\/wp-content\/uploads\/2021\/01\/DSC_1714-300x200.jpg 300w, https:\/\/unicascomotu.com\/wp-content\/uploads\/2021\/01\/DSC_1714-768x513.jpg 768w, https:\/\/unicascomotu.com\/wp-content\/uploads\/2021\/01\/DSC_1714-1536x1025.jpg 1536w, https:\/\/unicascomotu.com\/wp-content\/uploads\/2021\/01\/DSC_1714-2048x1367.jpg 2048w, https:\/\/unicascomotu.com\/wp-content\/uploads\/2021\/01\/DSC_1714-940x628.jpg 940w, https:\/\/unicascomotu.com\/wp-content\/uploads\/2021\/01\/DSC_1714-599x400.jpg 599w\" sizes=\"(max-width: 1024px) 100vw, 1024px\" \/><\/figure>\n<\/li>\n<li class=\"blocks-gallery-item\">\n<figure><img loading=\"lazy\" decoding=\"async\" width=\"1024\" height=\"684\" class=\"wp-image-145\" src=\"https:\/\/unicascomotu.com\/wp-content\/uploads\/2021\/01\/DSC_1756-1024x684.jpg\" alt=\"\" data-id=\"145\" data-full-url=\"https:\/\/unicascomotu.com\/wp-content\/uploads\/2021\/01\/DSC_1756-scaled.jpg\" data-link=\"https:\/\/unicascomotu.com\/index.php\/programas\/dsc_1756\/\" srcset=\"https:\/\/unicascomotu.com\/wp-content\/uploads\/2021\/01\/DSC_1756-1024x684.jpg 1024w, https:\/\/unicascomotu.com\/wp-content\/uploads\/2021\/01\/DSC_1756-300x200.jpg 300w, https:\/\/unicascomotu.com\/wp-content\/uploads\/2021\/01\/DSC_1756-768x513.jpg 768w, https:\/\/unicascomotu.com\/wp-content\/uploads\/2021\/01\/DSC_1756-1536x1025.jpg 1536w, https:\/\/unicascomotu.com\/wp-content\/uploads\/2021\/01\/DSC_1756-2048x1367.jpg 2048w, https:\/\/unicascomotu.com\/wp-content\/uploads\/2021\/01\/DSC_1756-940x628.jpg 940w, https:\/\/unicascomotu.com\/wp-content\/uploads\/2021\/01\/DSC_1756-599x400.jpg 599w\" sizes=\"(max-width: 1024px) 100vw, 1024px\" \/><\/figure>\n<\/li>\n<li class=\"blocks-gallery-item\">\n<figure><img loading=\"lazy\" decoding=\"async\" width=\"1024\" height=\"684\" class=\"wp-image-144\" src=\"https:\/\/unicascomotu.com\/wp-content\/uploads\/2021\/01\/DSC_1735-1024x684.jpg\" alt=\"\" data-id=\"144\" data-full-url=\"https:\/\/unicascomotu.com\/wp-content\/uploads\/2021\/01\/DSC_1735-scaled.jpg\" data-link=\"https:\/\/unicascomotu.com\/index.php\/programas\/dsc_1735\/\" srcset=\"https:\/\/unicascomotu.com\/wp-content\/uploads\/2021\/01\/DSC_1735-1024x684.jpg 1024w, https:\/\/unicascomotu.com\/wp-content\/uploads\/2021\/01\/DSC_1735-300x200.jpg 300w, https:\/\/unicascomotu.com\/wp-content\/uploads\/2021\/01\/DSC_1735-768x513.jpg 768w, https:\/\/unicascomotu.com\/wp-content\/uploads\/2021\/01\/DSC_1735-1536x1025.jpg 1536w, https:\/\/unicascomotu.com\/wp-content\/uploads\/2021\/01\/DSC_1735-2048x1367.jpg 2048w, https:\/\/unicascomotu.com\/wp-content\/uploads\/2021\/01\/DSC_1735-940x627.jpg 940w, https:\/\/unicascomotu.com\/wp-content\/uploads\/2021\/01\/DSC_1735-599x400.jpg 599w\" sizes=\"(max-width: 1024px) 100vw, 1024px\" \/><\/figure>\n<\/li>\n<li class=\"blocks-gallery-item\">\n<figure><img loading=\"lazy\" decoding=\"async\" width=\"1024\" height=\"672\" class=\"wp-image-146\" src=\"https:\/\/unicascomotu.com\/wp-content\/uploads\/2021\/01\/DSC_1793-1024x672.jpg\" alt=\"\" data-id=\"146\" data-full-url=\"https:\/\/unicascomotu.com\/wp-content\/uploads\/2021\/01\/DSC_1793-scaled.jpg\" data-link=\"https:\/\/unicascomotu.com\/index.php\/programas\/dsc_1793\/\" srcset=\"https:\/\/unicascomotu.com\/wp-content\/uploads\/2021\/01\/DSC_1793-1024x672.jpg 1024w, https:\/\/unicascomotu.com\/wp-content\/uploads\/2021\/01\/DSC_1793-300x197.jpg 300w, https:\/\/unicascomotu.com\/wp-content\/uploads\/2021\/01\/DSC_1793-768x504.jpg 768w, https:\/\/unicascomotu.com\/wp-content\/uploads\/2021\/01\/DSC_1793-1536x1008.jpg 1536w, https:\/\/unicascomotu.com\/wp-content\/uploads\/2021\/01\/DSC_1793-2048x1344.jpg 2048w, https:\/\/unicascomotu.com\/wp-content\/uploads\/2021\/01\/DSC_1793-940x617.jpg 940w, https:\/\/unicascomotu.com\/wp-content\/uploads\/2021\/01\/DSC_1793-610x400.jpg 610w\" sizes=\"(max-width: 1024px) 100vw, 1024px\" \/><\/figure>\n<\/li>\n<\/ul>\n<\/figure>\n<p><!-- \/wp:gallery --><!-- wp:paragraph --><\/p>\n<p><strong>Programa 1:<\/strong><\/p>\n<p><!-- \/wp:paragraph --><\/p>\n<\/div>\n<\/div>\n<p><!-- \/wp:group --><!-- wp:paragraph --><\/p>\n<p style=\"text-align: left;\">Antonio de la Torre, Silvia Mars\u00f3, D\u00e9borah Ayo, Wanda Obreke y la Punka Paka nos acompa\u00f1an para hablar de mujeres artistas, ah! y mi madre tambi\u00e9n! \ud83d\ude00 Con m\u00fasica de Freedonia, \u00e1lbum \u201cConciencia\u201d.<\/p>\n<p style=\"text-align: center;\">Bienvenid@s!<\/p>\n<p>\u00a0<\/p>\n<p><!-- \/wp:paragraph --><!-- wp:shortcode --><\/p>\n<\/div>\n<div>\u00a0<\/div>\n<\/div>\n<p><!-- \/wp:group --><\/p>\n<\/div>\n<p><!-- \/wp:column --><\/p>\n<\/div>\n<p><!-- \/wp:columns --><\/p>\t\t\t\t\t\t\t\t<\/div>\n\t\t\t\t<\/div>\n\t\t\t\t<div class=\"elementor-element elementor-element-1fd63ce elementor-widget elementor-widget-html\" data-id=\"1fd63ce\" data-element_type=\"widget\" data-widget_type=\"html.default\">\n\t\t\t\t<div class=\"elementor-widget-container\">\n\t\t\t\t\t<a class=\"spreaker-player\" href=\"https:\/\/www.spreaker.com\/user\/lagatagreta\/unicas-pg01-250121_1\" data-resource=\"episode_id=43151051\" data-theme=\"light\" data-playlist=\"false\" data-width=\"100%\" data-height=\"200px\">Listen to \"\u00danicas como T\u00fa: Mujeres Artistas\" on Spreaker.<\/a><script async src=\"https:\/\/widget.spreaker.com\/widgets.js\"><\/script>\t\t\t\t<\/div>\n\t\t\t\t<\/div>\n\t\t\t\t<div class=\"elementor-element elementor-element-788e0a4 elementor-widget__width-initial elementor-widget elementor-widget-video\" data-id=\"788e0a4\" data-element_type=\"widget\" data-settings=\"{&quot;youtube_url&quot;:&quot;https:\\\/\\\/www.youtube.com\\\/watch?v=0j_DSpuaywY&amp;ab_channel=%C3%9Anicascomot%C3%BA&quot;,&quot;video_type&quot;:&quot;youtube&quot;,&quot;controls&quot;:&quot;yes&quot;}\" data-widget_type=\"video.default\">\n\t\t\t\t<div class=\"elementor-widget-container\">\n\t\t\t\t\t\t\t<div class=\"elementor-wrapper elementor-open-inline\">\n\t\t\t<div class=\"elementor-video\"><\/div>\t\t<\/div>\n\t\t\t\t\t\t<\/div>\n\t\t\t\t<\/div>\n\t\t\t\t\t<\/div>\n\t\t<\/div>\n\t\t\t\t\t<\/div>\n\t\t<\/section>\n\t\t\t\t<\/div>\n\t\t","protected":false},"excerpt":{"rendered":"<p>Si te has perdido alg\u00fan programa o quieres volver a ver tu secci\u00f3n preferida&#8230; \u00a1No te preocupes! Aqu\u00ed podr\u00e1s encontrar todos nuestros programas en formato radio o v\u00eddeo, lo que t\u00fa prefieras.\u00a0 Programa 1: Antonio&hellip; <a href=\"https:\/\/unicascomotu.com\/index.php\/programas\/\">More<\/a><\/p>\n","protected":false},"author":2,"featured_media":0,"parent":0,"menu_order":0,"comment_status":"closed","ping_status":"closed","template":"","meta":{"footnotes":""},"class_list":["post-49","page","type-page","status-publish","hentry"],"_links":{"self":[{"href":"https:\/\/unicascomotu.com\/index.php\/wp-json\/wp\/v2\/pages\/49","targetHints":{"allow":["GET"]}}],"collection":[{"href":"https:\/\/unicascomotu.com\/index.php\/wp-json\/wp\/v2\/pages"}],"about":[{"href":"https:\/\/unicascomotu.com\/index.php\/wp-json\/wp\/v2\/types\/page"}],"author":[{"embeddable":true,"href":"https:\/\/unicascomotu.com\/index.php\/wp-json\/wp\/v2\/users\/2"}],"replies":[{"embeddable":true,"href":"https:\/\/unicascomotu.com\/index.php\/wp-json\/wp\/v2\/comments?post=49"}],"version-history":[{"count":51,"href":"https:\/\/unicascomotu.com\/index.php\/wp-json\/wp\/v2\/pages\/49\/revisions"}],"predecessor-version":[{"id":233,"href":"https:\/\/unicascomotu.com\/index.php\/wp-json\/wp\/v2\/pages\/49\/revisions\/233"}],"wp:attachment":[{"href":"https:\/\/unicascomotu.com\/index.php\/wp-json\/wp\/v2\/media?parent=49"}],"curies":[{"name":"wp","href":"https:\/\/api.w.org\/{rel}","templated":true}]}}